{"id":294,"date":"2016-11-03T16:50:09","date_gmt":"2016-11-03T16:50:09","guid":{"rendered":"http:\/\/lawyer2.mythemecloud.io\/?page_id=294"},"modified":"2022-02-14T16:09:39","modified_gmt":"2022-02-14T15:09:39","slug":"developpement-professionnel","status":"publish","type":"page","link":"https:\/\/apmp-fr.org\/index.php\/developpement-professionnel\/","title":{"rendered":"D\u00e9veloppement Professionnel"},"content":{"rendered":"\t\t<div data-elementor-type=\"wp-page\" data-elementor-id=\"294\" class=\"elementor elementor-294\">\n\t\t\t\t\t\t<section class=\"elementor-section elementor-top-section elementor-element elementor-element-25b83b1 elementor-section-boxed elementor-section-height-default elementor-section-height-default\" data-id=\"25b83b1\" data-element_type=\"section\">\n\t\t\t\t\t\t<div class=\"elementor-container elementor-column-gap-default\">\n\t\t\t\t\t<div class=\"elementor-column elementor-col-100 elementor-top-column elementor-element elementor-element-a511057\" data-id=\"a511057\" data-element_type=\"column\">\n\t\t\t<div class=\"elementor-widget-wrap elementor-element-populated\">\n\t\t\t\t\t\t<div class=\"elementor-element elementor-element-3a9492f elementor-widget elementor-widget-text-editor\" data-id=\"3a9492f\" data-element_type=\"widget\" data-widget_type=\"text-editor.default\">\n\t\t\t\t<div class=\"elementor-widget-container\">\n\t\t\t\t\t\t\t<p>Pour vous donner un aper\u00e7u du contenu disponible en anglais&#8230;<\/p><p>Si vous voulez participer au d\u00e9veloppement de ce contenu en fran\u00e7ais, contactez-nous sur APMPFrancophonie@gmail.com<\/p>\t\t\t\t\t\t<\/div>\n\t\t\t\t<\/div>\n\t\t\t\t\t<\/div>\n\t\t<\/div>\n\t\t\t\t\t<\/div>\n\t\t<\/section>\n\t\t\t\t<section class=\"elementor-section elementor-top-section elementor-element elementor-element-bu71rau elementor-section-boxed elementor-section-height-default elementor-section-height-default\" data-id=\"bu71rau\" data-element_type=\"section\">\n\t\t\t\t\t\t<div class=\"elementor-container elementor-column-gap-default\">\n\t\t\t\t\t<div class=\"elementor-column elementor-col-33 elementor-top-column elementor-element elementor-element-p4b3n7m\" data-id=\"p4b3n7m\" data-element_type=\"column\">\n\t\t\t<div class=\"elementor-widget-wrap elementor-element-populated\">\n\t\t\t\t\t\t<div class=\"elementor-element elementor-element-73gt1to areas-box elementor-position-top elementor-widget elementor-widget-image-box\" data-id=\"73gt1to\" data-element_type=\"widget\" data-widget_type=\"image-box.default\">\n\t\t\t\t<div class=\"elementor-widget-container\">\n\t\t\t<div class=\"elementor-image-box-wrapper\"><figure class=\"elementor-image-box-img\"><a href=\"https:\/\/www.apmp.org\/certification\/\" target=\"_blank\" tabindex=\"-1\"><img fetchpriority=\"high\" decoding=\"async\" width=\"2560\" height=\"1707\" src=\"https:\/\/apmp-fr.org\/wp-content\/uploads\/2020\/06\/grad-student-with-arms-in-the-air-scaled.jpg\" class=\"attachment-full size-full wp-image-31\" alt=\"\" srcset=\"https:\/\/apmp-fr.org\/wp-content\/uploads\/2020\/06\/grad-student-with-arms-in-the-air-scaled.jpg 2560w, https:\/\/apmp-fr.org\/wp-content\/uploads\/2020\/06\/grad-student-with-arms-in-the-air-300x200.jpg 300w, https:\/\/apmp-fr.org\/wp-content\/uploads\/2020\/06\/grad-student-with-arms-in-the-air-1024x683.jpg 1024w, https:\/\/apmp-fr.org\/wp-content\/uploads\/2020\/06\/grad-student-with-arms-in-the-air-768x512.jpg 768w, https:\/\/apmp-fr.org\/wp-content\/uploads\/2020\/06\/grad-student-with-arms-in-the-air-1536x1024.jpg 1536w, https:\/\/apmp-fr.org\/wp-content\/uploads\/2020\/06\/grad-student-with-arms-in-the-air-2048x1366.jpg 2048w\" sizes=\"(max-width: 2560px) 100vw, 2560px\" \/><\/a><\/figure><div class=\"elementor-image-box-content\"><h3 class=\"elementor-image-box-title\"><a href=\"https:\/\/www.apmp.org\/certification\/\" target=\"_blank\">Certification<\/a><\/h3><p class=\"elementor-image-box-description\">La certification APMP (anglais)<br><\/p><\/div><\/div>\t\t<\/div>\n\t\t\t\t<\/div>\n\t\t\t\t\t<\/div>\n\t\t<\/div>\n\t\t\t\t<div class=\"elementor-column elementor-col-33 elementor-top-column elementor-element elementor-element-94z8gp3\" data-id=\"94z8gp3\" data-element_type=\"column\">\n\t\t\t<div class=\"elementor-widget-wrap elementor-element-populated\">\n\t\t\t\t\t\t<div class=\"elementor-element elementor-element-o8y6vue areas-box elementor-position-top elementor-widget elementor-widget-image-box\" data-id=\"o8y6vue\" data-element_type=\"widget\" data-widget_type=\"image-box.default\">\n\t\t\t\t<div class=\"elementor-widget-container\">\n\t\t\t<div class=\"elementor-image-box-wrapper\"><figure class=\"elementor-image-box-img\"><a href=\"http:\/\/bok.apmp.org\/\" tabindex=\"-1\"><img decoding=\"async\" width=\"2560\" height=\"1708\" src=\"https:\/\/apmp-fr.org\/wp-content\/uploads\/2020\/06\/lit-book-pages-for-reading-scaled.jpg\" class=\"attachment-full size-full wp-image-32\" alt=\"\" srcset=\"https:\/\/apmp-fr.org\/wp-content\/uploads\/2020\/06\/lit-book-pages-for-reading-scaled.jpg 2560w, https:\/\/apmp-fr.org\/wp-content\/uploads\/2020\/06\/lit-book-pages-for-reading-300x200.jpg 300w, https:\/\/apmp-fr.org\/wp-content\/uploads\/2020\/06\/lit-book-pages-for-reading-1024x683.jpg 1024w, https:\/\/apmp-fr.org\/wp-content\/uploads\/2020\/06\/lit-book-pages-for-reading-768x512.jpg 768w, https:\/\/apmp-fr.org\/wp-content\/uploads\/2020\/06\/lit-book-pages-for-reading-1536x1025.jpg 1536w, https:\/\/apmp-fr.org\/wp-content\/uploads\/2020\/06\/lit-book-pages-for-reading-2048x1366.jpg 2048w\" sizes=\"(max-width: 2560px) 100vw, 2560px\" \/><\/a><\/figure><div class=\"elementor-image-box-content\"><h3 class=\"elementor-image-box-title\"><a href=\"http:\/\/bok.apmp.org\/\">Body of Knowledge<\/a><\/h3><p class=\"elementor-image-box-description\">Best Practices de la profession<br>(anglais, en cours de traduction))<\/p><\/div><\/div>\t\t<\/div>\n\t\t\t\t<\/div>\n\t\t\t\t\t<\/div>\n\t\t<\/div>\n\t\t\t\t<div class=\"elementor-column elementor-col-33 elementor-top-column elementor-element elementor-element-phobwjz\" data-id=\"phobwjz\" data-element_type=\"column\">\n\t\t\t<div class=\"elementor-widget-wrap elementor-element-populated\">\n\t\t\t\t\t\t<div class=\"elementor-element elementor-element-clyq47f areas-box elementor-position-top elementor-widget elementor-widget-image-box\" data-id=\"clyq47f\" data-element_type=\"widget\" data-widget_type=\"image-box.default\">\n\t\t\t\t<div class=\"elementor-widget-container\">\n\t\t\t<div class=\"elementor-image-box-wrapper\"><figure class=\"elementor-image-box-img\"><a href=\"https:\/\/www.apmp.org\/events\/webinars\/\" tabindex=\"-1\"><img decoding=\"async\" width=\"2560\" height=\"1706\" src=\"https:\/\/apmp-fr.org\/wp-content\/uploads\/2020\/06\/team-in-modern-office-meeting-room-scaled.jpg\" class=\"attachment-full size-full wp-image-33\" alt=\"\" srcset=\"https:\/\/apmp-fr.org\/wp-content\/uploads\/2020\/06\/team-in-modern-office-meeting-room-scaled.jpg 2560w, https:\/\/apmp-fr.org\/wp-content\/uploads\/2020\/06\/team-in-modern-office-meeting-room-300x200.jpg 300w, https:\/\/apmp-fr.org\/wp-content\/uploads\/2020\/06\/team-in-modern-office-meeting-room-1024x683.jpg 1024w, https:\/\/apmp-fr.org\/wp-content\/uploads\/2020\/06\/team-in-modern-office-meeting-room-768x512.jpg 768w, https:\/\/apmp-fr.org\/wp-content\/uploads\/2020\/06\/team-in-modern-office-meeting-room-1536x1024.jpg 1536w, https:\/\/apmp-fr.org\/wp-content\/uploads\/2020\/06\/team-in-modern-office-meeting-room-2048x1365.jpg 2048w\" sizes=\"(max-width: 2560px) 100vw, 2560px\" \/><\/a><\/figure><div class=\"elementor-image-box-content\"><h3 class=\"elementor-image-box-title\"><a href=\"https:\/\/www.apmp.org\/events\/webinars\/\">Webinars<\/a><\/h3><p class=\"elementor-image-box-description\">Acc\u00e9der aux Webinars (anglais)\n <\/p><\/div><\/div>\t\t<\/div>\n\t\t\t\t<\/div>\n\t\t\t\t\t<\/div>\n\t\t<\/div>\n\t\t\t\t\t<\/div>\n\t\t<\/section>\n\t\t\t\t<\/div>\n\t\t","protected":false},"excerpt":{"rendered":"<p>Pour vous donner un aper\u00e7u du contenu disponible en anglais&#8230; Si vous voulez participer au d\u00e9veloppement de ce contenu en fran\u00e7ais, contactez-nous sur APMPFrancophonie@gmail.com Certification La certification APMP (anglais) Body of Knowledge Best Practices de la profession(anglais, en cours de traduction)) Webinars Acc\u00e9der aux Webinars (anglais)<\/p>\n","protected":false},"author":1,"featured_media":0,"parent":0,"menu_order":0,"comment_status":"closed","ping_status":"closed","template":"elementor_header_footer","meta":{"_bbp_topic_count":0,"_bbp_reply_count":0,"_bbp_total_topic_count":0,"_bbp_total_reply_count":0,"_bbp_voice_count":0,"_bbp_anonymous_reply_count":0,"_bbp_topic_count_hidden":0,"_bbp_reply_count_hidden":0,"_bbp_forum_subforum_count":0,"footnotes":""},"class_list":["post-294","page","type-page","status-publish","hentry","wpbf-post"],"_links":{"self":[{"href":"https:\/\/apmp-fr.org\/index.php\/wp-json\/wp\/v2\/pages\/294"}],"collection":[{"href":"https:\/\/apmp-fr.org\/index.php\/wp-json\/wp\/v2\/pages"}],"about":[{"href":"https:\/\/apmp-fr.org\/index.php\/wp-json\/wp\/v2\/types\/page"}],"author":[{"embeddable":true,"href":"https:\/\/apmp-fr.org\/index.php\/wp-json\/wp\/v2\/users\/1"}],"replies":[{"embeddable":true,"href":"https:\/\/apmp-fr.org\/index.php\/wp-json\/wp\/v2\/comments?post=294"}],"version-history":[{"count":38,"href":"https:\/\/apmp-fr.org\/index.php\/wp-json\/wp\/v2\/pages\/294\/revisions"}],"predecessor-version":[{"id":2070,"href":"https:\/\/apmp-fr.org\/index.php\/wp-json\/wp\/v2\/pages\/294\/revisions\/2070"}],"wp:attachment":[{"href":"https:\/\/apmp-fr.org\/index.php\/wp-json\/wp\/v2\/media?parent=294"}],"curies":[{"name":"wp","href":"https:\/\/api.w.org\/{rel}","templated":true}]}}