{"id":800,"date":"2020-10-11T16:28:43","date_gmt":"2020-10-11T16:28:43","guid":{"rendered":"http:\/\/apmp-fr.org\/?page_id=800"},"modified":"2020-11-08T20:05:10","modified_gmt":"2020-11-08T20:05:10","slug":"qui-sommes-nous","status":"publish","type":"page","link":"https:\/\/apmp-fr.org\/index.php\/qui-sommes-nous\/","title":{"rendered":"Qui sommes-nous?"},"content":{"rendered":"\t\t<div data-elementor-type=\"wp-page\" data-elementor-id=\"800\" class=\"elementor elementor-800\">\n\t\t\t\t\t\t<section class=\"elementor-section elementor-top-section elementor-element elementor-element-05892c4 elementor-section-boxed elementor-section-height-default elementor-section-height-default\" data-id=\"05892c4\" data-element_type=\"section\">\n\t\t\t\t\t\t<div class=\"elementor-container elementor-column-gap-default\">\n\t\t\t\t\t<div class=\"elementor-column elementor-col-100 elementor-top-column elementor-element elementor-element-3d69319\" data-id=\"3d69319\" data-element_type=\"column\">\n\t\t\t<div class=\"elementor-widget-wrap elementor-element-populated\">\n\t\t\t\t\t\t<section class=\"elementor-section elementor-inner-section elementor-element elementor-element-212e743 elementor-section-boxed elementor-section-height-default elementor-section-height-default\" data-id=\"212e743\" data-element_type=\"section\">\n\t\t\t\t\t\t<div class=\"elementor-container elementor-column-gap-default\">\n\t\t\t\t\t<div class=\"elementor-column elementor-col-50 elementor-inner-column elementor-element elementor-element-d2d4059\" data-id=\"d2d4059\" data-element_type=\"column\">\n\t\t\t<div class=\"elementor-widget-wrap elementor-element-populated\">\n\t\t\t\t\t\t<div class=\"elementor-element elementor-element-1b7cc2e elementor-widget elementor-widget-video\" data-id=\"1b7cc2e\" data-element_type=\"widget\" data-settings=\"{&quot;youtube_url&quot;:&quot;https:\\\/\\\/youtu.be\\\/WitKL9Axq3A&quot;,&quot;video_type&quot;:&quot;youtube&quot;,&quot;controls&quot;:&quot;yes&quot;}\" data-widget_type=\"video.default\">\n\t\t\t\t<div class=\"elementor-widget-container\">\n\t\t\t\t\t<div class=\"elementor-wrapper elementor-open-inline\">\n\t\t\t<div class=\"elementor-video\"><\/div>\t\t<\/div>\n\t\t\t\t<\/div>\n\t\t\t\t<\/div>\n\t\t\t\t\t<\/div>\n\t\t<\/div>\n\t\t\t\t<div class=\"elementor-column elementor-col-50 elementor-inner-column elementor-element elementor-element-bc576a9\" data-id=\"bc576a9\" data-element_type=\"column\">\n\t\t\t<div class=\"elementor-widget-wrap elementor-element-populated\">\n\t\t\t\t\t\t<div class=\"elementor-element elementor-element-b504622 elementor-widget elementor-widget-text-editor\" data-id=\"b504622\" data-element_type=\"widget\" data-widget_type=\"text-editor.default\">\n\t\t\t\t<div class=\"elementor-widget-container\">\n\t\t\t\t\t\t\t<p>Cette association a pour objet de soutenir l\u2019acquisition et le d\u00e9veloppement<br \/>des comp\u00e9tences, des connaissances et de l\u2019exp\u00e9rience dont les membres de l\u2019association ont besoin pour r\u00e9ussir en tant que professionnels du management, de la coordination et\/ou de la production de la r\u00e9ponse \u00e0 des appels d\u2019offres, en proposant des \u00e9v\u00e9nements et activit\u00e9s pertinents.<\/p>\t\t\t\t\t\t<\/div>\n\t\t\t\t<\/div>\n\t\t\t\t\t<\/div>\n\t\t<\/div>\n\t\t\t\t\t<\/div>\n\t\t<\/section>\n\t\t\t\t\t<\/div>\n\t\t<\/div>\n\t\t\t\t\t<\/div>\n\t\t<\/section>\n\t\t\t\t<section class=\"elementor-section elementor-top-section elementor-element elementor-element-125f0f7 elementor-section-boxed elementor-section-height-default elementor-section-height-default\" data-id=\"125f0f7\" data-element_type=\"section\">\n\t\t\t\t\t\t<div class=\"elementor-container elementor-column-gap-default\">\n\t\t\t\t\t<div class=\"elementor-column elementor-col-100 elementor-top-column elementor-element elementor-element-3bda033\" data-id=\"3bda033\" data-element_type=\"column\">\n\t\t\t<div class=\"elementor-widget-wrap elementor-element-populated\">\n\t\t\t\t\t\t<div class=\"elementor-element elementor-element-4f00bec elementor-widget elementor-widget-text-editor\" data-id=\"4f00bec\" data-element_type=\"widget\" data-widget_type=\"text-editor.default\">\n\t\t\t\t<div class=\"elementor-widget-container\">\n\t\t\t\t\t\t\t<p>Vous \u00eates francophone et\u00a0:<\/p><ul><li>Professionnel(le) de la r\u00e9ponse \u00e0 appel d\u2019offres (secteur priv\u00e9 ou public)<\/li><li>Professionnel(le) r\u00e9digeant des offres commerciales<\/li><\/ul><p>Vous souhaitez\u00a0:<\/p><ul><li>D\u00e9velopper vos comp\u00e9tences<\/li><li>Partager votre exp\u00e9rience et \u00e9changer avec vos pairs<\/li><\/ul><p><span lang=\"FR\" style=\"font-size: 11.0pt;\">Pour nous rejoindre, c<\/span><span lang=\"FR\" style=\"font-size: 11.0pt;\">ontactez-nous sur <\/span><span lang=\"FR\" style=\"font-size: 11.0pt;\">APMPfrancophonie@gmail.com<\/span><\/p>\t\t\t\t\t\t<\/div>\n\t\t\t\t<\/div>\n\t\t\t\t\t<\/div>\n\t\t<\/div>\n\t\t\t\t\t<\/div>\n\t\t<\/section>\n\t\t\t\t<\/div>\n\t\t","protected":false},"excerpt":{"rendered":"<p>https:\/\/youtu.be\/WitKL9Axq3A Cette association a pour objet de soutenir l\u2019acquisition et le d\u00e9veloppementdes comp\u00e9tences, des connaissances et de l\u2019exp\u00e9rience dont les membres de l\u2019association ont besoin pour r\u00e9ussir en tant que professionnels du management, de la coordination et\/ou de la production de la r\u00e9ponse \u00e0 des appels d\u2019offres, en proposant des \u00e9v\u00e9nements et activit\u00e9s pertinents. Vous [&hellip;]<\/p>\n","protected":false},"author":1,"featured_media":0,"parent":0,"menu_order":0,"comment_status":"closed","ping_status":"closed","template":"","meta":{"_bbp_topic_count":0,"_bbp_reply_count":0,"_bbp_total_topic_count":0,"_bbp_total_reply_count":0,"_bbp_voice_count":0,"_bbp_anonymous_reply_count":0,"_bbp_topic_count_hidden":0,"_bbp_reply_count_hidden":0,"_bbp_forum_subforum_count":0,"footnotes":""},"class_list":["post-800","page","type-page","status-publish","hentry","wpbf-post"],"_links":{"self":[{"href":"https:\/\/apmp-fr.org\/index.php\/wp-json\/wp\/v2\/pages\/800"}],"collection":[{"href":"https:\/\/apmp-fr.org\/index.php\/wp-json\/wp\/v2\/pages"}],"about":[{"href":"https:\/\/apmp-fr.org\/index.php\/wp-json\/wp\/v2\/types\/page"}],"author":[{"embeddable":true,"href":"https:\/\/apmp-fr.org\/index.php\/wp-json\/wp\/v2\/users\/1"}],"replies":[{"embeddable":true,"href":"https:\/\/apmp-fr.org\/index.php\/wp-json\/wp\/v2\/comments?post=800"}],"version-history":[{"count":15,"href":"https:\/\/apmp-fr.org\/index.php\/wp-json\/wp\/v2\/pages\/800\/revisions"}],"predecessor-version":[{"id":908,"href":"https:\/\/apmp-fr.org\/index.php\/wp-json\/wp\/v2\/pages\/800\/revisions\/908"}],"wp:attachment":[{"href":"https:\/\/apmp-fr.org\/index.php\/wp-json\/wp\/v2\/media?parent=800"}],"curies":[{"name":"wp","href":"https:\/\/api.w.org\/{rel}","templated":true}]}}