{"id":823,"date":"2020-10-11T17:02:31","date_gmt":"2020-10-11T17:02:31","guid":{"rendered":"http:\/\/apmp-fr.org\/?page_id=823"},"modified":"2021-04-06T15:53:56","modified_gmt":"2021-04-06T14:53:56","slug":"espace-membre","status":"publish","type":"page","link":"https:\/\/apmp-fr.org\/index.php\/espace-membre\/","title":{"rendered":"Espace membre"},"content":{"rendered":"\t\t<div data-elementor-type=\"wp-page\" data-elementor-id=\"823\" class=\"elementor elementor-823\">\n\t\t\t\t\t\t<section class=\"elementor-section elementor-top-section elementor-element elementor-element-1d331f7 elementor-section-boxed elementor-section-height-default elementor-section-height-default\" data-id=\"1d331f7\" data-element_type=\"section\">\n\t\t\t\t\t\t<div class=\"elementor-container elementor-column-gap-default\">\n\t\t\t\t\t<div class=\"elementor-column elementor-col-100 elementor-top-column elementor-element elementor-element-dcf2e34\" data-id=\"dcf2e34\" data-element_type=\"column\">\n\t\t\t<div class=\"elementor-widget-wrap elementor-element-populated\">\n\t\t\t\t\t\t<div class=\"elementor-element elementor-element-5c35d33 elementor-widget elementor-widget-image\" data-id=\"5c35d33\" data-element_type=\"widget\" data-widget_type=\"image.default\">\n\t\t\t\t<div class=\"elementor-widget-container\">\n\t\t\t\t\t\t\t\t\t\t\t\t\t\t<a href=\"https:\/\/www.apmp.org\/page\/joinapmp\">\n\t\t\t\t\t\t\t<img fetchpriority=\"high\" decoding=\"async\" width=\"1024\" height=\"550\" src=\"https:\/\/apmp-fr.org\/wp-content\/uploads\/2020\/12\/Visuel-Membres-Non-membres-1024x550.png\" class=\"attachment-large size-large wp-image-1508\" alt=\"\" srcset=\"https:\/\/apmp-fr.org\/wp-content\/uploads\/2020\/12\/Visuel-Membres-Non-membres-1024x550.png 1024w, https:\/\/apmp-fr.org\/wp-content\/uploads\/2020\/12\/Visuel-Membres-Non-membres-300x161.png 300w, https:\/\/apmp-fr.org\/wp-content\/uploads\/2020\/12\/Visuel-Membres-Non-membres-768x412.png 768w, https:\/\/apmp-fr.org\/wp-content\/uploads\/2020\/12\/Visuel-Membres-Non-membres.png 1337w\" sizes=\"(max-width: 1024px) 100vw, 1024px\" \/>\t\t\t\t\t\t\t\t<\/a>\n\t\t\t\t\t\t\t\t\t\t\t\t\t<\/div>\n\t\t\t\t<\/div>\n\t\t\t\t\t<\/div>\n\t\t<\/div>\n\t\t\t\t\t<\/div>\n\t\t<\/section>\n\t\t\t\t<section class=\"elementor-section elementor-top-section elementor-element elementor-element-2604ead5 elementor-section-stretched elementor-section-full_width elementor-section-height-default elementor-section-height-default\" data-id=\"2604ead5\" data-element_type=\"section\" data-settings=\"{&quot;background_background&quot;:&quot;classic&quot;,&quot;stretch_section&quot;:&quot;section-stretched&quot;}\">\n\t\t\t\t\t\t\t<div class=\"elementor-background-overlay\"><\/div>\n\t\t\t\t\t\t\t<div class=\"elementor-container elementor-column-gap-default\">\n\t\t\t\t\t<div class=\"elementor-column elementor-col-100 elementor-top-column elementor-element elementor-element-f5c733e\" data-id=\"f5c733e\" data-element_type=\"column\">\n\t\t\t<div class=\"elementor-widget-wrap elementor-element-populated\">\n\t\t\t\t\t\t<section class=\"elementor-section elementor-inner-section elementor-element elementor-element-47e1d3c5 elementor-section-boxed elementor-section-height-default elementor-section-height-default\" data-id=\"47e1d3c5\" data-element_type=\"section\">\n\t\t\t\t\t\t<div class=\"elementor-container elementor-column-gap-default\">\n\t\t\t\t\t<div class=\"elementor-column elementor-col-100 elementor-inner-column elementor-element elementor-element-68e7a8cb\" data-id=\"68e7a8cb\" data-element_type=\"column\">\n\t\t\t<div class=\"elementor-widget-wrap elementor-element-populated\">\n\t\t\t\t\t\t<div class=\"elementor-element elementor-element-707f9814 elementor-widget elementor-widget-text-editor\" data-id=\"707f9814\" data-element_type=\"widget\" data-widget_type=\"text-editor.default\">\n\t\t\t\t<div class=\"elementor-widget-container\">\n\t\t\t\t\t\t\t<p>D\u00e9j\u00e0 membre de l&rsquo;APMP? c&rsquo;est par ici&#8230;<\/p>\t\t\t\t\t\t<\/div>\n\t\t\t\t<\/div>\n\t\t\t\t\t<\/div>\n\t\t<\/div>\n\t\t\t\t\t<\/div>\n\t\t<\/section>\n\t\t\t\t<section class=\"elementor-section elementor-inner-section elementor-element elementor-element-5c4c2ab2 elementor-section-boxed elementor-section-height-default elementor-section-height-default\" data-id=\"5c4c2ab2\" data-element_type=\"section\">\n\t\t\t\t\t\t<div class=\"elementor-container elementor-column-gap-default\">\n\t\t\t\t\t<div class=\"elementor-column elementor-col-100 elementor-inner-column elementor-element elementor-element-169fbd96\" data-id=\"169fbd96\" data-element_type=\"column\">\n\t\t\t<div class=\"elementor-widget-wrap elementor-element-populated\">\n\t\t\t\t\t\t<div class=\"elementor-element elementor-element-25730b27 elementor-widget elementor-widget-text-editor\" data-id=\"25730b27\" data-element_type=\"widget\" data-widget_type=\"text-editor.default\">\n\t\t\t\t<div class=\"elementor-widget-container\">\n\t\t\t\t\t\t\t<p><strong>Vous venez de rejoindre l&rsquo;APMP?<\/strong><\/p>\n<p><strong>T\u00e9l\u00e9chargez votre <a href=\"http:\/\/apmp-fr.org\/wp-content\/uploads\/2021\/03\/APMP_New_Member_Welcome_Kit_2020-FR.pdf\">kit de bienvenue<\/a> en fran\u00e7ais pour cr\u00e9er votre profil sur APMP.org.<\/strong><\/p>\n<p>La biblioth\u00e8que de bonnes pratiques et l&rsquo;historique des webinaires en fran\u00e7ais sont accessibles pour les membres affili\u00e9s au chapter APMP Francophonie, sur le site internet apmp-fr.org. Pour y acc\u00e9der, cliquez sur la page souhait\u00e9e dans le menu \u00ab\u00a0Espace membre\u00a0\u00bb et indiquer le mot de passe qui vous a \u00e9t\u00e9 communiqu\u00e9 lors de votre inscription.<\/p>\n<p><strong>Vous \u00eates d\u00e9j\u00e0 membre et affili\u00e9(e) \u00e0 un autre chapter de l&rsquo;APMP?<\/strong><\/p>\n<p>Vous voulez rejoindre la communaut\u00e9 de francophones, b\u00e9n\u00e9ficier des \u00e9v\u00e9nements organis\u00e9s APMP Francophonie et acc\u00e9der \u00e0 la biblioth\u00e8que de contenus en fran\u00e7ais ?<\/p>\n<p><strong>Envoyez simplement un email \u00e0 membership@apmp.org indiquant votre souhait d&rsquo;\u00eatre affili\u00e9 \u00e0 l&rsquo;APMP Francophonie.&nbsp;<\/strong><\/p>\n<p>&nbsp;Une fois cette affiliation effective, vous recevrez votre mot de passe pour acc\u00e9der \u00e0 l&rsquo;espace membre (allez directement sur l&rsquo;une des pages du menu de l&rsquo;espace membre pour vous connecter).<\/p>\t\t\t\t\t\t<\/div>\n\t\t\t\t<\/div>\n\t\t\t\t\t<\/div>\n\t\t<\/div>\n\t\t\t\t\t<\/div>\n\t\t<\/section>\n\t\t\t\t\t<\/div>\n\t\t<\/div>\n\t\t\t\t\t<\/div>\n\t\t<\/section>\n\t\t\t\t<\/div>\n\t\t","protected":false},"excerpt":{"rendered":"<p>D\u00e9j\u00e0 membre de l&rsquo;APMP? c&rsquo;est par ici&#8230; Vous venez de rejoindre l&rsquo;APMP? T\u00e9l\u00e9chargez votre kit de bienvenue en fran\u00e7ais pour cr\u00e9er votre profil sur APMP.org. La biblioth\u00e8que de bonnes pratiques et l&rsquo;historique des webinaires en fran\u00e7ais sont accessibles pour les membres affili\u00e9s au chapter APMP Francophonie, sur le site internet apmp-fr.org. Pour y acc\u00e9der, cliquez [&hellip;]<\/p>\n","protected":false},"author":1,"featured_media":0,"parent":0,"menu_order":0,"comment_status":"closed","ping_status":"closed","template":"","meta":{"_bbp_topic_count":0,"_bbp_reply_count":0,"_bbp_total_topic_count":0,"_bbp_total_reply_count":0,"_bbp_voice_count":0,"_bbp_anonymous_reply_count":0,"_bbp_topic_count_hidden":0,"_bbp_reply_count_hidden":0,"_bbp_forum_subforum_count":0,"footnotes":""},"class_list":["post-823","page","type-page","status-publish","hentry","wpbf-post"],"_links":{"self":[{"href":"https:\/\/apmp-fr.org\/index.php\/wp-json\/wp\/v2\/pages\/823"}],"collection":[{"href":"https:\/\/apmp-fr.org\/index.php\/wp-json\/wp\/v2\/pages"}],"about":[{"href":"https:\/\/apmp-fr.org\/index.php\/wp-json\/wp\/v2\/types\/page"}],"author":[{"embeddable":true,"href":"https:\/\/apmp-fr.org\/index.php\/wp-json\/wp\/v2\/users\/1"}],"replies":[{"embeddable":true,"href":"https:\/\/apmp-fr.org\/index.php\/wp-json\/wp\/v2\/comments?post=823"}],"version-history":[{"count":46,"href":"https:\/\/apmp-fr.org\/index.php\/wp-json\/wp\/v2\/pages\/823\/revisions"}],"predecessor-version":[{"id":1917,"href":"https:\/\/apmp-fr.org\/index.php\/wp-json\/wp\/v2\/pages\/823\/revisions\/1917"}],"wp:attachment":[{"href":"https:\/\/apmp-fr.org\/index.php\/wp-json\/wp\/v2\/media?parent=823"}],"curies":[{"name":"wp","href":"https:\/\/api.w.org\/{rel}","templated":true}]}}